{"id":5367,"date":"2023-10-12T09:16:56","date_gmt":"2023-10-12T14:16:56","guid":{"rendered":"https:\/\/asicuc.com.co\/?post_type=product&#038;p=5367"},"modified":"2023-10-12T09:18:38","modified_gmt":"2023-10-12T14:18:38","slug":"papel-higienico-mio-2","status":"publish","type":"product","link":"https:\/\/asicuc.com.co\/?product=papel-higienico-mio-2","title":{"rendered":"Papel  higi\u00e9nico M\u00edo"},"content":{"rendered":"<p>Papel Megarollo M\u00edo. 4 rollos. Triplehoja<\/p>\n","protected":false},"excerpt":{"rendered":"<p>Papel Megarollo M\u00edo. 4 rollos. Triplehoja<\/p>\n","protected":false},"featured_media":5370,"comment_status":"open","ping_status":"closed","template":"","meta":[],"product_cat":[400],"product_tag":[],"_links":{"self":[{"href":"https:\/\/asicuc.com.co\/index.php?rest_route=\/wp\/v2\/product\/5367"}],"collection":[{"href":"https:\/\/asicuc.com.co\/index.php?rest_route=\/wp\/v2\/product"}],"about":[{"href":"https:\/\/asicuc.com.co\/index.php?rest_route=\/wp\/v2\/types\/product"}],"replies":[{"embeddable":true,"href":"https:\/\/asicuc.com.co\/index.php?rest_route=%2Fwp%2Fv2%2Fcomments&post=5367"}],"version-history":[{"count":1,"href":"https:\/\/asicuc.com.co\/index.php?rest_route=\/wp\/v2\/product\/5367\/revisions"}],"predecessor-version":[{"id":5373,"href":"https:\/\/asicuc.com.co\/index.php?rest_route=\/wp\/v2\/product\/5367\/revisions\/5373"}],"wp:featuredmedia":[{"embeddable":true,"href":"https:\/\/asicuc.com.co\/index.php?rest_route=\/wp\/v2\/media\/5370"}],"wp:attachment":[{"href":"https:\/\/asicuc.com.co\/index.php?rest_route=%2Fwp%2Fv2%2Fmedia&parent=5367"}],"wp:term":[{"taxonomy":"product_cat","embeddable":true,"href":"https:\/\/asicuc.com.co\/index.php?rest_route=%2Fwp%2Fv2%2Fproduct_cat&post=5367"},{"taxonomy":"product_tag","embeddable":true,"href":"https:\/\/asicuc.com.co\/index.php?rest_route=%2Fwp%2Fv2%2Fproduct_tag&post=5367"}],"curies":[{"name":"wp","href":"https:\/\/api.w.org\/{rel}","templated":true}]}}