{"id":5380,"date":"2023-10-12T09:26:18","date_gmt":"2023-10-12T14:26:18","guid":{"rendered":"https:\/\/asicuc.com.co\/?post_type=product&#038;p=5380"},"modified":"2023-10-12T09:26:18","modified_gmt":"2023-10-12T14:26:18","slug":"pael-higienico-senorial","status":"publish","type":"product","link":"https:\/\/asicuc.com.co\/?product=pael-higienico-senorial","title":{"rendered":"Pael Higi\u00e9nico Se\u00f1orial"},"content":{"rendered":"<p>Papel triplehoja. Se\u00f1orial. 12 rollos. 35 metros<\/p>\n","protected":false},"excerpt":{"rendered":"<p>Papel triplehoja. Se\u00f1orial. 12 rollos. 35 metros<\/p>\n","protected":false},"featured_media":5377,"comment_status":"open","ping_status":"closed","template":"","meta":[],"product_cat":[401],"product_tag":[],"_links":{"self":[{"href":"https:\/\/asicuc.com.co\/index.php?rest_route=\/wp\/v2\/product\/5380"}],"collection":[{"href":"https:\/\/asicuc.com.co\/index.php?rest_route=\/wp\/v2\/product"}],"about":[{"href":"https:\/\/asicuc.com.co\/index.php?rest_route=\/wp\/v2\/types\/product"}],"replies":[{"embeddable":true,"href":"https:\/\/asicuc.com.co\/index.php?rest_route=%2Fwp%2Fv2%2Fcomments&post=5380"}],"version-history":[{"count":1,"href":"https:\/\/asicuc.com.co\/index.php?rest_route=\/wp\/v2\/product\/5380\/revisions"}],"predecessor-version":[{"id":5381,"href":"https:\/\/asicuc.com.co\/index.php?rest_route=\/wp\/v2\/product\/5380\/revisions\/5381"}],"wp:featuredmedia":[{"embeddable":true,"href":"https:\/\/asicuc.com.co\/index.php?rest_route=\/wp\/v2\/media\/5377"}],"wp:attachment":[{"href":"https:\/\/asicuc.com.co\/index.php?rest_route=%2Fwp%2Fv2%2Fmedia&parent=5380"}],"wp:term":[{"taxonomy":"product_cat","embeddable":true,"href":"https:\/\/asicuc.com.co\/index.php?rest_route=%2Fwp%2Fv2%2Fproduct_cat&post=5380"},{"taxonomy":"product_tag","embeddable":true,"href":"https:\/\/asicuc.com.co\/index.php?rest_route=%2Fwp%2Fv2%2Fproduct_tag&post=5380"}],"curies":[{"name":"wp","href":"https:\/\/api.w.org\/{rel}","templated":true}]}}