{"id":5382,"date":"2023-10-12T09:26:53","date_gmt":"2023-10-12T14:26:53","guid":{"rendered":"https:\/\/asicuc.com.co\/?post_type=product&#038;p=5382"},"modified":"2023-10-12T09:27:46","modified_gmt":"2023-10-12T14:27:46","slug":"pael-higienico-senorial-2","status":"publish","type":"product","link":"https:\/\/asicuc.com.co\/?product=pael-higienico-senorial-2","title":{"rendered":"Pael Higi\u00e9nico Se\u00f1orial"},"content":{"rendered":"<p>Papel doblehoja, Se\u00f1orial. 6 rollos. 25metros<\/p>\n","protected":false},"excerpt":{"rendered":"<p>Papel doblehoja, Se\u00f1orial. 6 rollos. 25metros<\/p>\n","protected":false},"featured_media":5378,"comment_status":"open","ping_status":"closed","template":"","meta":[],"product_cat":[401],"product_tag":[],"_links":{"self":[{"href":"https:\/\/asicuc.com.co\/index.php?rest_route=\/wp\/v2\/product\/5382"}],"collection":[{"href":"https:\/\/asicuc.com.co\/index.php?rest_route=\/wp\/v2\/product"}],"about":[{"href":"https:\/\/asicuc.com.co\/index.php?rest_route=\/wp\/v2\/types\/product"}],"replies":[{"embeddable":true,"href":"https:\/\/asicuc.com.co\/index.php?rest_route=%2Fwp%2Fv2%2Fcomments&post=5382"}],"version-history":[{"count":1,"href":"https:\/\/asicuc.com.co\/index.php?rest_route=\/wp\/v2\/product\/5382\/revisions"}],"predecessor-version":[{"id":5385,"href":"https:\/\/asicuc.com.co\/index.php?rest_route=\/wp\/v2\/product\/5382\/revisions\/5385"}],"wp:featuredmedia":[{"embeddable":true,"href":"https:\/\/asicuc.com.co\/index.php?rest_route=\/wp\/v2\/media\/5378"}],"wp:attachment":[{"href":"https:\/\/asicuc.com.co\/index.php?rest_route=%2Fwp%2Fv2%2Fmedia&parent=5382"}],"wp:term":[{"taxonomy":"product_cat","embeddable":true,"href":"https:\/\/asicuc.com.co\/index.php?rest_route=%2Fwp%2Fv2%2Fproduct_cat&post=5382"},{"taxonomy":"product_tag","embeddable":true,"href":"https:\/\/asicuc.com.co\/index.php?rest_route=%2Fwp%2Fv2%2Fproduct_tag&post=5382"}],"curies":[{"name":"wp","href":"https:\/\/api.w.org\/{rel}","templated":true}]}}