{"id":5383,"date":"2023-10-12T09:26:58","date_gmt":"2023-10-12T14:26:58","guid":{"rendered":"https:\/\/asicuc.com.co\/?post_type=product&#038;p=5383"},"modified":"2023-10-12T09:28:17","modified_gmt":"2023-10-12T14:28:17","slug":"pael-higienico-senorial-3","status":"publish","type":"product","link":"https:\/\/asicuc.com.co\/?product=pael-higienico-senorial-3","title":{"rendered":"Pael Higi\u00e9nico Se\u00f1orial"},"content":{"rendered":"<p>Papel triplehoja. Se\u00f1orial. 12 rollos. 35 metros<\/p>\n","protected":false},"excerpt":{"rendered":"<p>Papel triplehoja. Se\u00f1orial. 12 rollos. 35 metros<\/p>\n","protected":false},"featured_media":5376,"comment_status":"open","ping_status":"closed","template":"","meta":[],"product_cat":[401],"product_tag":[],"_links":{"self":[{"href":"https:\/\/asicuc.com.co\/index.php?rest_route=\/wp\/v2\/product\/5383"}],"collection":[{"href":"https:\/\/asicuc.com.co\/index.php?rest_route=\/wp\/v2\/product"}],"about":[{"href":"https:\/\/asicuc.com.co\/index.php?rest_route=\/wp\/v2\/types\/product"}],"replies":[{"embeddable":true,"href":"https:\/\/asicuc.com.co\/index.php?rest_route=%2Fwp%2Fv2%2Fcomments&post=5383"}],"version-history":[{"count":1,"href":"https:\/\/asicuc.com.co\/index.php?rest_route=\/wp\/v2\/product\/5383\/revisions"}],"predecessor-version":[{"id":5386,"href":"https:\/\/asicuc.com.co\/index.php?rest_route=\/wp\/v2\/product\/5383\/revisions\/5386"}],"wp:featuredmedia":[{"embeddable":true,"href":"https:\/\/asicuc.com.co\/index.php?rest_route=\/wp\/v2\/media\/5376"}],"wp:attachment":[{"href":"https:\/\/asicuc.com.co\/index.php?rest_route=%2Fwp%2Fv2%2Fmedia&parent=5383"}],"wp:term":[{"taxonomy":"product_cat","embeddable":true,"href":"https:\/\/asicuc.com.co\/index.php?rest_route=%2Fwp%2Fv2%2Fproduct_cat&post=5383"},{"taxonomy":"product_tag","embeddable":true,"href":"https:\/\/asicuc.com.co\/index.php?rest_route=%2Fwp%2Fv2%2Fproduct_tag&post=5383"}],"curies":[{"name":"wp","href":"https:\/\/api.w.org\/{rel}","templated":true}]}}