{"id":5384,"date":"2023-10-12T09:27:01","date_gmt":"2023-10-12T14:27:01","guid":{"rendered":"https:\/\/asicuc.com.co\/?post_type=product&#038;p=5384"},"modified":"2023-10-12T09:29:26","modified_gmt":"2023-10-12T14:29:26","slug":"pael-higienico-senorial-4","status":"publish","type":"product","link":"https:\/\/asicuc.com.co\/?product=pael-higienico-senorial-4","title":{"rendered":"Pael Higi\u00e9nico Se\u00f1orial"},"content":{"rendered":"<p>Papel econ\u00f3mico. Se\u00f1orial. Unidad<\/p>\n","protected":false},"excerpt":{"rendered":"<p>Papel econ\u00f3mico. Se\u00f1orial. Unidad<\/p>\n","protected":false},"featured_media":5375,"comment_status":"open","ping_status":"closed","template":"","meta":[],"product_cat":[401],"product_tag":[],"_links":{"self":[{"href":"https:\/\/asicuc.com.co\/index.php?rest_route=\/wp\/v2\/product\/5384"}],"collection":[{"href":"https:\/\/asicuc.com.co\/index.php?rest_route=\/wp\/v2\/product"}],"about":[{"href":"https:\/\/asicuc.com.co\/index.php?rest_route=\/wp\/v2\/types\/product"}],"replies":[{"embeddable":true,"href":"https:\/\/asicuc.com.co\/index.php?rest_route=%2Fwp%2Fv2%2Fcomments&post=5384"}],"version-history":[{"count":1,"href":"https:\/\/asicuc.com.co\/index.php?rest_route=\/wp\/v2\/product\/5384\/revisions"}],"predecessor-version":[{"id":5387,"href":"https:\/\/asicuc.com.co\/index.php?rest_route=\/wp\/v2\/product\/5384\/revisions\/5387"}],"wp:featuredmedia":[{"embeddable":true,"href":"https:\/\/asicuc.com.co\/index.php?rest_route=\/wp\/v2\/media\/5375"}],"wp:attachment":[{"href":"https:\/\/asicuc.com.co\/index.php?rest_route=%2Fwp%2Fv2%2Fmedia&parent=5384"}],"wp:term":[{"taxonomy":"product_cat","embeddable":true,"href":"https:\/\/asicuc.com.co\/index.php?rest_route=%2Fwp%2Fv2%2Fproduct_cat&post=5384"},{"taxonomy":"product_tag","embeddable":true,"href":"https:\/\/asicuc.com.co\/index.php?rest_route=%2Fwp%2Fv2%2Fproduct_tag&post=5384"}],"curies":[{"name":"wp","href":"https:\/\/api.w.org\/{rel}","templated":true}]}}